{"id":28999,"date":"2018-05-25T11:13:41","date_gmt":"2018-05-25T09:13:41","guid":{"rendered":"https:\/\/saveurs-alsace.fr\/?page_id=28999"},"modified":"2018-05-25T11:15:46","modified_gmt":"2018-05-25T09:15:46","slug":"mentions-legales","status":"publish","type":"page","link":"https:\/\/saveurs-alsace.fr\/?page_id=28999","title":{"rendered":"Mentions l\u00e9gales"},"content":{"rendered":"<p style=\"text-align: center; margin: 0px 0px 30px 0px;\"><span style=\"font-size: 14pt;\"><strong>Mentions l\u00e9gales du site saveurs-alsace.fr<\/strong><\/span><\/p>\n<p style=\"margin: 0px 0px 5px 0px;\"><strong>\u2013 Propri\u00e9taire du site saveurs-alsace.fr :<\/strong><\/p>\n<p style=\"margin: 0px 0px 5px 15px;\">SARL SAVEURS D&rsquo;ALSACE<\/p>\n<p style=\"margin: 0px 0px 5px 15px;\">8 all\u00e9e Andr\u00e9 Mallemouche \u2013 33170 GRADIGNAN<\/p>\n<p style=\"margin: 0px 0px 5px 15px;\">T\u00e9l. : 05 57 95 35 48<\/p>\n<p style=\"margin: 0px 0px 5px 15px;\">Email : contact[at]saveurs-alsace.fr<\/p>\n<p style=\"margin: 0px 0px 15px 15px;\">Siret : 828 943 928 00014<\/p>\n<p style=\"margin: 0px 0px 5px 0px;\"><strong>\u2013 \u00c9diteur du site saveurs-alsace.fr :<\/strong><\/p>\n<p style=\"margin: 0px 0px 15px 15px;\">Mme Isabelle SANTIN<\/p>\n<p style=\"margin: 0px 0px 5px 0px;\"><strong>\u2013 Signes distinctifs :<\/strong><\/p>\n<p style=\"margin: 0px 0px 15px 15px;\">Les noms de domaine saveurs-alsace.fr et .com appartiennent \u00e0 la SARL SAVEURS D&rsquo;ALSACE.<\/p>\n<p style=\"margin: 0px 0px 5px 0px;\"><strong>\u2013 Cr\u00e9dits photos :<\/strong><\/p>\n<p style=\"margin: 0px 0px 15px 15px;\">Photos Saveurs d&rsquo;Alsace &#8211; AC-Marketing &#8211; Fotolia by Adobe<\/p>\n<p style=\"margin: 0px 0px 5px 0px;\"><strong>\u2013 H\u00e9bergement du site :<\/strong><\/p>\n<p style=\"margin: 0px 0px 15px 15px;\">Le site saveurs-alsace.fr est h\u00e9berg\u00e9 par <a href=\"https:\/\/ac-marketing.fr\/\" target=\"_blank\" rel=\"noopener noreferrer\"><strong>AC-Marketing<\/strong><\/a> (sous licence Infomaniak Network SA), 65 avenue Bougnard \u2013 33600 Pessac \u2013 FRANCE.<\/p>\n<p style=\"margin: 0px 0px 5px 0px;\"><strong>Important :<\/strong><\/p>\n<p style=\"margin: 0px 0px 15px 15px;\">Les droits de propri\u00e9t\u00e9 intellectuelle aff\u00e9rents au site saveurs-alsace.fr appartiennent \u00e0 la SARL SAVEURS D&rsquo;ALSACE. Toute utilisation, reproduction, diffusion, commercialisation, modification de toute ou partie du site, sans l\u2019autorisation de la SARL SAVEURS D&rsquo;ALSACE est prohib\u00e9e et pourra entra\u00eener des actions et poursuites judiciaires telles que notamment pr\u00e9vues par le code de la propri\u00e9t\u00e9 intellectuelle et\/ou le code civil.<\/p>\n","protected":false},"excerpt":{"rendered":"<p>Mentions l\u00e9gales du site saveurs-alsace.fr \u2013 Propri\u00e9taire du site saveurs-alsace.fr : SARL SAVEURS D&rsquo;ALSACE 8 all\u00e9e Andr\u00e9 Mallemouche \u2013 33170 GRADIGNAN T\u00e9l. : 05 57 95 35 48 Email : contact[at]saveurs-alsace.fr Siret : 828 943 928 00014 \u2013 \u00c9diteur du site saveurs-alsace.fr : Mme Isabelle SANTIN \u2013 Signes distinctifs : Les noms de domaine saveurs-alsace.fr [&hellip;]<\/p>\n","protected":false},"author":1,"featured_media":0,"parent":0,"menu_order":71,"comment_status":"closed","ping_status":"closed","template":"","meta":{"footnotes":""},"class_list":["post-28999","page","type-page","status-publish","hentry","no-thumbnail"],"_links":{"self":[{"href":"https:\/\/saveurs-alsace.fr\/index.php?rest_route=\/wp\/v2\/pages\/28999","targetHints":{"allow":["GET"]}}],"collection":[{"href":"https:\/\/saveurs-alsace.fr\/index.php?rest_route=\/wp\/v2\/pages"}],"about":[{"href":"https:\/\/saveurs-alsace.fr\/index.php?rest_route=\/wp\/v2\/types\/page"}],"author":[{"embeddable":true,"href":"https:\/\/saveurs-alsace.fr\/index.php?rest_route=\/wp\/v2\/users\/1"}],"replies":[{"embeddable":true,"href":"https:\/\/saveurs-alsace.fr\/index.php?rest_route=%2Fwp%2Fv2%2Fcomments&post=28999"}],"version-history":[{"count":1,"href":"https:\/\/saveurs-alsace.fr\/index.php?rest_route=\/wp\/v2\/pages\/28999\/revisions"}],"predecessor-version":[{"id":29000,"href":"https:\/\/saveurs-alsace.fr\/index.php?rest_route=\/wp\/v2\/pages\/28999\/revisions\/29000"}],"wp:attachment":[{"href":"https:\/\/saveurs-alsace.fr\/index.php?rest_route=%2Fwp%2Fv2%2Fmedia&parent=28999"}],"curies":[{"name":"wp","href":"https:\/\/api.w.org\/{rel}","templated":true}]}}